{"id":21,"date":"2008-09-30T13:54:45","date_gmt":"2008-09-30T13:54:45","guid":{"rendered":"https:\/\/web27.sr11.firestorm.ch\/dlw2024\/about\/"},"modified":"2024-07-22T12:54:18","modified_gmt":"2024-07-22T11:54:18","slug":"about","status":"publish","type":"page","link":"https:\/\/web27.sr11.firestorm.ch\/dlw2024\/about\/","title":{"rendered":"\u00dcber uns"},"content":{"rendered":"<h1><span style=\"font-family: Liberation Sans, serif;\"><span style=\"font-size: small;\">\u00dcber &#8222;Das lebendige Wort&#8220;<\/span><\/span><\/h1>\n<p><span style=\"font-family: Liberation Sans, serif;\"><span style=\"font-size: small;\">Denn das Wort Gottes ist lebendig und kr\u00e4ftig und sch\u00e4rfer als jedes zweischneidige Schwert und dringt durch, bis es scheidet Seele und Geist, auch Mark und Bein, und ist ein Richter der Gedanken und Sinne des Herzens. (Hebr\u00e4er 4,12)<\/span><\/span><\/p>\n<p><span style=\"font-family: Liberation Sans, serif;\"><span style=\"font-size: small;\">Das Wort Gottes ist auch heute noch lebendig, kr\u00e4ftig und scharf. Wenn Sie es zulassen, kann das Wort Gottes in Ihre Lebenssituation hineinsprechen und Ver\u00e4nderungen in Geist, Seele und Leib bringen.<\/span><\/span><\/p>\n<p><span style=\"font-family: Liberation Sans, serif;\"><span style=\"font-size: small;\">&#8222;Das lebendige Wort&#8220; wurde erstmals in gedruckter Form im November 1997 ver\u00f6ffentlicht. Mit dem gedruckten Wort wurde gute christliche Lehre an interessierte Personen weitergegeben. Niemals sollte es eine intellektuelle Angelegenheit sein, sondern immer eine praktische Seite haben. Aktuell gibt es &#8222;Das lebendige Wort&#8220; nur als Blog.<\/span><\/span><\/p>\n<p><span style=\"font-family: Liberation Sans, serif;\"><span style=\"font-size: small;\">Der Betreiber dieser Website, Urs Staedeli, ist aktives Mitglied einer lokalen Gemeinde im Raum Basel \/ Schweiz. Er hat durch seinen Werdegang ein Verst\u00e4ndnis f\u00fcr die reformierte Landeskirche und verschiedene Freikirchen. Im 1993 und 2007 schloss er eine jeweils einj\u00e4hrige Bibelschule im Word of Life Bible Centre, Uppsala \/ Schweden, ab. In Vergangenheit war Urs Staedeli auch auf verschiedenen Kurzeins\u00e4tzen im Ausland. Er hat auch langj\u00e4hrige Erfahrung im interkulturellen Umfeld<\/span><\/span><\/p>\n<p><em><span style=\"font-family: Liberation Sans, serif;\"><span style=\"font-size: small;\">Disclaimer: Diese Website hat in keiner Weise einen Bezug zu anderen Internet-Angeboten, die in deren URL &#8220;das lebendige wort&#8220; verwenden.<\/span><\/span><\/em><\/p>\n<p>&nbsp;<\/p>\n<p><a href=\"https:\/\/web27.sr11.firestorm.ch\/dlw2024\/wp-content\/uploads\/2012\/07\/impressum.jpg\"><img loading=\"lazy\" decoding=\"async\" class=\"aligncenter size-full wp-image-152\" title=\"impressum\" src=\"https:\/\/web27.sr11.firestorm.ch\/dlw2024\/wp-content\/uploads\/2012\/07\/impressum.jpg\" alt=\"\" width=\"246\" height=\"212\" \/><\/a><\/p>\n<p>&nbsp;<\/p>\n\n\n<p><\/p>\n","protected":false},"excerpt":{"rendered":"<p>\u00dcber &#8222;Das lebendige Wort&#8220; Denn das Wort Gottes ist lebendig und kr\u00e4ftig und sch\u00e4rfer als jedes zweischneidige Schwert und dringt durch, bis es scheidet Seele und Geist, auch Mark und Bein, und ist ein Richter der Gedanken und Sinne des Herzens. (Hebr\u00e4er 4,12) Das Wort Gottes ist auch heute noch lebendig, kr\u00e4ftig und scharf. Wenn [&hellip;]<\/p>\n","protected":false},"author":1,"featured_media":0,"parent":0,"menu_order":0,"comment_status":"open","ping_status":"closed","template":"","meta":{"footnotes":""},"class_list":["post-21","page","type-page","status-publish","hentry"],"_links":{"self":[{"href":"https:\/\/web27.sr11.firestorm.ch\/dlw2024\/wp-json\/wp\/v2\/pages\/21","targetHints":{"allow":["GET"]}}],"collection":[{"href":"https:\/\/web27.sr11.firestorm.ch\/dlw2024\/wp-json\/wp\/v2\/pages"}],"about":[{"href":"https:\/\/web27.sr11.firestorm.ch\/dlw2024\/wp-json\/wp\/v2\/types\/page"}],"author":[{"embeddable":true,"href":"https:\/\/web27.sr11.firestorm.ch\/dlw2024\/wp-json\/wp\/v2\/users\/1"}],"replies":[{"embeddable":true,"href":"https:\/\/web27.sr11.firestorm.ch\/dlw2024\/wp-json\/wp\/v2\/comments?post=21"}],"version-history":[{"count":3,"href":"https:\/\/web27.sr11.firestorm.ch\/dlw2024\/wp-json\/wp\/v2\/pages\/21\/revisions"}],"predecessor-version":[{"id":337,"href":"https:\/\/web27.sr11.firestorm.ch\/dlw2024\/wp-json\/wp\/v2\/pages\/21\/revisions\/337"}],"wp:attachment":[{"href":"https:\/\/web27.sr11.firestorm.ch\/dlw2024\/wp-json\/wp\/v2\/media?parent=21"}],"curies":[{"name":"wp","href":"https:\/\/api.w.org\/{rel}","templated":true}]}}